{"id":159656,"date":"2022-03-01T19:04:16","date_gmt":"2022-03-01T23:04:16","guid":{"rendered":"http:\/\/newarkresources.org\/home\/"},"modified":"2022-08-09T15:48:10","modified_gmt":"2022-08-09T19:48:10","slug":"home","status":"publish","type":"page","link":"https:\/\/newarkresources.org\/es\/","title":{"rendered":"P\u00e1gina de Inicio"},"content":{"rendered":"\n\n\t\t<h2>Las Escuelas P\u00fablicas de Newark presentan el Directorio de Recursos Communitarios en l\u00ednea<\/h2>\n\t\t<p>Nuestro directorio incluye organizaciones en la ciudad de Newark y sus alrededores que brindan servicios para familia que aporan y promueven exito acad\u00e9mico de nuestros estudiantes.<\/p>\n<p>Esperamos que sirva como un recurso de gu\u00eda \u00fatil para familias, groups interesados, y la comunidad de Newark.<\/p>\n\t\t\t<a href=\"http:\/\/newarkresources.org\/programas\/?lang=es\" target=\"_self\" role=\"button\" rel=\"noopener\">\n\t\t\t\t\t\t\tExplorar Programas\n\t\t\t\t\t<\/a>\n<h2>\n\t\tProgramas\n\t<\/h2>\n\n","protected":false},"excerpt":{"rendered":"<p>Las Escuelas P\u00fablicas de Newark presentan el Directorio de Recursos Communitarios en l\u00ednea Nuestro directorio incluye organizaciones en la ciudad de Newark y sus alrededores que brindan servicios para familia que aporan y promueven exito acad\u00e9mico de nuestros estudiantes. Esperamos que sirva como un recurso de gu\u00eda \u00fatil para familias, groups interesados, y la comunidad&hellip;<\/p>\n","protected":false},"author":1,"featured_media":0,"parent":0,"menu_order":8,"comment_status":"closed","ping_status":"closed","template":"","meta":{"footnotes":""},"class_list":["post-159656","page","type-page","status-publish","hentry"],"_links":{"self":[{"href":"https:\/\/newarkresources.org\/es\/wp-json\/wp\/v2\/pages\/159656","targetHints":{"allow":["GET"]}}],"collection":[{"href":"https:\/\/newarkresources.org\/es\/wp-json\/wp\/v2\/pages"}],"about":[{"href":"https:\/\/newarkresources.org\/es\/wp-json\/wp\/v2\/types\/page"}],"author":[{"embeddable":true,"href":"https:\/\/newarkresources.org\/es\/wp-json\/wp\/v2\/users\/1"}],"replies":[{"embeddable":true,"href":"https:\/\/newarkresources.org\/es\/wp-json\/wp\/v2\/comments?post=159656"}],"version-history":[{"count":0,"href":"https:\/\/newarkresources.org\/es\/wp-json\/wp\/v2\/pages\/159656\/revisions"}],"wp:attachment":[{"href":"https:\/\/newarkresources.org\/es\/wp-json\/wp\/v2\/media?parent=159656"}],"curies":[{"name":"wp","href":"https:\/\/api.w.org\/{rel}","templated":true}]}}